{"id":209554,"date":"2019-08-28T16:41:14","date_gmt":"2019-08-28T16:41:14","guid":{"rendered":"http:\/\/cidawah.org\/tr\/?page_id=209554"},"modified":"2019-08-28T16:41:31","modified_gmt":"2019-08-28T16:41:31","slug":"iletisim","status":"publish","type":"page","link":"https:\/\/cidawah.org\/tr\/iletisim\/","title":{"rendered":"\u0130leti\u015fim"},"content":{"rendered":"<p>[et_pb_section fb_built=&#8221;1&#8243; custom_padding_last_edited=&#8221;on|desktop&#8221; admin_label=&#8221;Hero Section&#8221; module_id=&#8221;dotover&#8221; _builder_version=&#8221;3.22&#8243; background_color=&#8221;rgba(0,0,0,0.09)&#8221; background_image=&#8221;http:\/\/cidawah.org\/tr\/wp-content\/uploads\/2019\/08\/Earth-Background-resized.png&#8221; custom_padding_tablet=&#8221;50px|0|50px|0&#8243; transparent_background=&#8221;off&#8221; padding_mobile=&#8221;off&#8221; fb_built=&#8221;1&#8243; _i=&#8221;0&#8243; _address=&#8221;0&#8243; custom_padding=&#8221;||59px|||&#8221;][et_pb_row column_padding_mobile=&#8221;on&#8221; custom_padding_last_edited=&#8221;on|desktop&#8221; admin_label=&#8221;Row&#8221; module_class=&#8221; et_pb_row_fullwidth&#8221; _builder_version=&#8221;3.25&#8243; background_color=&#8221;rgba(255,255,255,0)&#8221; use_background_color_gradient=&#8221;on&#8221; background_color_gradient_start=&#8221;rgba(246,225,133,0.25)&#8221; background_color_gradient_end=&#8221;rgba(246,225,133,0.47)&#8221; background_color_gradient_direction=&#8221;27deg&#8221; background_size=&#8221;contain&#8221; background_position=&#8221;top_left&#8221; background_repeat=&#8221;repeat&#8221; border_radii=&#8221;|20px|20px|500px|500px&#8221; width=&#8221;89%&#8221; width_tablet=&#8221;80%&#8221; width_last_edited=&#8221;on|desktop&#8221; max_width=&#8221;89%&#8221; max_width_tablet=&#8221;80%&#8221; max_width_last_edited=&#8221;on|desktop&#8221; custom_padding=&#8221;40px||66px|0px|false|false&#8221; custom_padding_tablet=&#8221;12px|||&#8221; custom_padding_phone=&#8221;0px|||&#8221; make_fullwidth=&#8221;on&#8221; custom_width_px=&#8221;800px&#8221; _i=&#8221;1&#8243; _address=&#8221;2.1&#8243; custom_margin=&#8221;-22px|auto||auto||&#8221;][et_pb_column type=&#8221;4_4&#8243; _builder_version=&#8221;3.25&#8243; custom_padding=&#8221;|||&#8221; column_padding_mobile=&#8221;on&#8221; _i=&#8221;0&#8243; _address=&#8221;2.1.0&#8243; custom_padding__hover=&#8221;|||&#8221;][et_pb_text admin_label=&#8221;Text&#8221; _builder_version=&#8221;3.27.3&#8243; text_font=&#8221;Bree Serif||||&#8221; text_text_color=&#8221;#c0343d&#8221; text_font_size=&#8221;52&#8243; text_text_shadow_style=&#8221;preset3&#8243; background_color=&#8221;rgba(0,0,0,0)&#8221; background_size=&#8221;initial&#8221; background_position=&#8221;top_left&#8221; background_repeat=&#8221;repeat&#8221; text_orientation=&#8221;center&#8221; module_alignment=&#8221;left&#8221; inline_fonts=&#8221;Droid Sans,Lato Light,Noticia Text,Leckerli One,Neucha,Aref Ruqaa&#8221; _i=&#8221;0&#8243; _address=&#8221;2.1.0.0&#8243;]<\/p>\n<p style=\"text-align: center;\"><span face=\"adobe arabic\" style=\"font-family: 'adobe arabic';\">\u0130leti\u015fim:<\/span><\/p>\n<p>[\/et_pb_text][et_pb_contact_form email=&#8221;covenantdawah@gmail.com&#8221; custom_message=&#8221;\u0648\u0635\u0644\u062a\u0643 \u0631\u0633\u0627\u0644\u0629 \u0645\u0646 \u0645\u0648\u0642\u0639 CIDAWAH||et_pb_line_break_holder||||et_pb_line_break_holder||\u0627\u0644\u0628\u0631\u064a\u062f \u0627\u0644\u0625\u0644\u0643\u062a\u0631\u0648\u0646\u064a: %%Email%%||et_pb_line_break_holder||||et_pb_line_break_holder||\u0627\u0644\u0627\u0633\u0645: %%Name%%||et_pb_line_break_holder||||et_pb_line_break_holder||\u0646\u0635 \u0627\u0644\u0631\u0633\u0627\u0644\u0629:||et_pb_line_break_holder||||et_pb_line_break_holder||%%Message%%&#8221; success_message=&#8221;Mesaj\u0131n\u0131z ba\u015far\u0131yla taraf\u0131m\u0131za iletilmi\u015ftir. Te\u015fekk\u00fcrler.&#8221; submit_button_text=&#8221;G\u00f6nder&#8221; admin_label=&#8221;Contact Form&#8221; module_id=&#8221;et_pb_contact_form_0&#8243; _builder_version=&#8221;3.27.3&#8243; form_field_background_color=&#8221;#ffffff&#8221; form_field_text_color=&#8221;#5b666d&#8221; title_text_color=&#8221;#5b666d&#8221; title_font_size=&#8221;18&#8243; form_field_font=&#8221;Roboto||||&#8221; form_field_font_size=&#8221;18&#8243; border_radii=&#8221;on|15px|15px|15px|15px&#8221; border_width_all=&#8221;1px&#8221; border_color_all=&#8221;#d7dce1&#8243; border_style_all=&#8221;solid&#8221; custom_button=&#8221;on&#8221; button_text_size=&#8221;18px&#8221; button_text_color=&#8221;#c0343d&#8221; button_bg_color=&#8221;#f6e185&#8243; button_border_width=&#8221;5px&#8221; button_border_color=&#8221;#f6e185&#8243; button_border_radius=&#8221;10px&#8221; button_letter_spacing=&#8221;1&#8243; button_font=&#8221;||||||||&#8221; button_icon=&#8221;%%20%%&#8221; max_width=&#8221;51%&#8221; module_alignment=&#8221;center&#8221; use_border_color=&#8221;on&#8221; border_color=&#8221;#d7dce1&#8243; input_border_radius=&#8221;15&#8243; form_background_color=&#8221;#ffffff&#8221; button_border_radius_hover=&#8221;74px&#8221; button_letter_spacing_hover=&#8221;7px&#8221; _i=&#8221;1&#8243; _address=&#8221;2.1.0.1&#8243;][et_pb_contact_field field_id=&#8221;Name&#8221; field_title=&#8221;Ad\u0131n\u0131z ve Soyad\u0131n\u0131z&#8221; _builder_version=&#8221;3.27.3&#8243; form_field_background_color=&#8221;#ffffff&#8221; form_field_text_color=&#8221;rgba(0,0,0,0.6)&#8221; form_field_font=&#8221;segoe ui||||||||&#8221; border_radii=&#8221;on||||&#8221; text_orientation=&#8221;left&#8221; hover_enabled=&#8221;0&#8243; use_border_color=&#8221;off&#8221; field_background_color=&#8221;#ffffff&#8221; _i=&#8221;0&#8243; _address=&#8221;2.1.0.1.0&#8243; button_text_size__hover_enabled=&#8221;off&#8221; button_one_text_size__hover_enabled=&#8221;off&#8221; button_two_text_size__hover_enabled=&#8221;off&#8221; button_text_color__hover_enabled=&#8221;off&#8221; button_one_text_color__hover_enabled=&#8221;off&#8221; button_two_text_color__hover_enabled=&#8221;off&#8221; button_border_width__hover_enabled=&#8221;off&#8221; button_one_border_width__hover_enabled=&#8221;off&#8221; button_two_border_width__hover_enabled=&#8221;off&#8221; button_border_color__hover_enabled=&#8221;off&#8221; button_one_border_color__hover_enabled=&#8221;off&#8221; button_two_border_color__hover_enabled=&#8221;off&#8221; button_border_radius__hover_enabled=&#8221;off&#8221; button_one_border_radius__hover_enabled=&#8221;off&#8221; button_two_border_radius__hover_enabled=&#8221;off&#8221; button_letter_spacing__hover_enabled=&#8221;off&#8221; button_one_letter_spacing__hover_enabled=&#8221;off&#8221; button_two_letter_spacing__hover_enabled=&#8221;off&#8221; button_bg_color__hover_enabled=&#8221;off&#8221; button_one_bg_color__hover_enabled=&#8221;off&#8221; button_two_bg_color__hover_enabled=&#8221;off&#8221;] [\/et_pb_contact_field][et_pb_contact_field field_id=&#8221;Email&#8221; field_title=&#8221;E-Posta&#8221; field_type=&#8221;email&#8221; _builder_version=&#8221;3.27.3&#8243; form_field_background_color=&#8221;#ffffff&#8221; form_field_text_color=&#8221;rgba(0,0,0,0.6)&#8221; form_field_font=&#8221;segoe ui||||||||&#8221; border_radii=&#8221;on||||&#8221; border_width_all=&#8221;0px&#8221; text_orientation=&#8221;left&#8221; hover_enabled=&#8221;0&#8243; use_border_color=&#8221;off&#8221; field_background_color=&#8221;#ffffff&#8221; _i=&#8221;1&#8243; _address=&#8221;2.1.0.1.1&#8243; button_text_size__hover_enabled=&#8221;off&#8221; button_one_text_size__hover_enabled=&#8221;off&#8221; button_two_text_size__hover_enabled=&#8221;off&#8221; button_text_color__hover_enabled=&#8221;off&#8221; button_one_text_color__hover_enabled=&#8221;off&#8221; button_two_text_color__hover_enabled=&#8221;off&#8221; button_border_width__hover_enabled=&#8221;off&#8221; button_one_border_width__hover_enabled=&#8221;off&#8221; button_two_border_width__hover_enabled=&#8221;off&#8221; button_border_color__hover_enabled=&#8221;off&#8221; button_one_border_color__hover_enabled=&#8221;off&#8221; button_two_border_color__hover_enabled=&#8221;off&#8221; button_border_radius__hover_enabled=&#8221;off&#8221; button_one_border_radius__hover_enabled=&#8221;off&#8221; button_two_border_radius__hover_enabled=&#8221;off&#8221; button_letter_spacing__hover_enabled=&#8221;off&#8221; button_one_letter_spacing__hover_enabled=&#8221;off&#8221; button_two_letter_spacing__hover_enabled=&#8221;off&#8221; button_bg_color__hover_enabled=&#8221;off&#8221; button_one_bg_color__hover_enabled=&#8221;off&#8221; button_two_bg_color__hover_enabled=&#8221;off&#8221;] [\/et_pb_contact_field][et_pb_contact_field field_id=&#8221;Message&#8221; field_title=&#8221;Mesaj\u0131n\u0131z\u0131 yaz\u0131n\u0131z&#8221; field_type=&#8221;text&#8221; fullwidth_field=&#8221;on&#8221; _builder_version=&#8221;3.27.3&#8243; form_field_background_color=&#8221;#ffffff&#8221; form_field_text_color=&#8221;rgba(0,0,0,0.6)&#8221; form_field_font=&#8221;segoe ui||||||||&#8221; border_radii=&#8221;on||||&#8221; text_orientation=&#8221;left&#8221; hover_enabled=&#8221;0&#8243; use_border_color=&#8221;off&#8221; field_background_color=&#8221;#ffffff&#8221; _i=&#8221;2&#8243; _address=&#8221;2.1.0.1.2&#8243; button_text_size__hover_enabled=&#8221;off&#8221; button_one_text_size__hover_enabled=&#8221;off&#8221; button_two_text_size__hover_enabled=&#8221;off&#8221; button_text_color__hover_enabled=&#8221;off&#8221; button_one_text_color__hover_enabled=&#8221;off&#8221; button_two_text_color__hover_enabled=&#8221;off&#8221; button_border_width__hover_enabled=&#8221;off&#8221; button_one_border_width__hover_enabled=&#8221;off&#8221; button_two_border_width__hover_enabled=&#8221;off&#8221; button_border_color__hover_enabled=&#8221;off&#8221; button_one_border_color__hover_enabled=&#8221;off&#8221; button_two_border_color__hover_enabled=&#8221;off&#8221; button_border_radius__hover_enabled=&#8221;off&#8221; button_one_border_radius__hover_enabled=&#8221;off&#8221; button_two_border_radius__hover_enabled=&#8221;off&#8221; button_letter_spacing__hover_enabled=&#8221;off&#8221; button_one_letter_spacing__hover_enabled=&#8221;off&#8221; button_two_letter_spacing__hover_enabled=&#8221;off&#8221; button_bg_color__hover_enabled=&#8221;off&#8221; button_one_bg_color__hover_enabled=&#8221;off&#8221; button_two_bg_color__hover_enabled=&#8221;off&#8221;] [\/et_pb_contact_field][\/et_pb_contact_form][\/et_pb_column][\/et_pb_row][\/et_pb_section][et_pb_section fb_built=&#8221;1&#8243; specialty=&#8221;on&#8221; parallax_method_1=&#8221;off&#8221; parallax_method_2=&#8221;off&#8221; admin_label=&#8221;Section&#8221; _builder_version=&#8221;3.22&#8243; use_background_color_gradient=&#8221;on&#8221; background_color_gradient_start=&#8221;rgba(246,225,133,0.22)&#8221; background_color_gradient_end=&#8221;#f6e185&#8243; background_image=&#8221;http:\/\/cidawah.org\/tr\/wp-content\/uploads\/2019\/08\/Rectangle-Bar-Zoomed-in-transparent-2.png&#8221; background_size=&#8221;initial&#8221; background_position=&#8221;bottom_left&#8221; custom_padding=&#8221;15px|0px|0px|0px||&#8221; top_divider_color=&#8221;#cdc4bb&#8221; top_divider_height=&#8221;23px&#8221; transparent_background=&#8221;off&#8221; fb_built=&#8221;1&#8243; _i=&#8221;3&#8243; _address=&#8221;3&#8243;][et_pb_column type=&#8221;1_3&#8243; _builder_version=&#8221;3.25&#8243; custom_padding=&#8221;|||&#8221; _i=&#8221;0&#8243; _address=&#8221;3.0&#8243; custom_padding__hover=&#8221;|||&#8221;][et_pb_text admin_label=&#8221;Follow Text&#8221; _builder_version=&#8221;3.27.3&#8243; text_font=&#8221;segoe ui||||||||&#8221; text_text_color=&#8221;#c0343d&#8221; text_font_size=&#8221;19px&#8221; header_font=&#8221;||||||||&#8221; header_text_align=&#8221;right&#8221; header_text_color=&#8221;#c0343d&#8221; background_color=&#8221;rgba(191,191,191,0)&#8221; background_size=&#8221;initial&#8221; background_position=&#8221;top_left&#8221; background_repeat=&#8221;repeat&#8221; text_orientation=&#8221;right&#8221; background_layout=&#8221;dark&#8221; module_alignment=&#8221;left&#8221; inline_fonts=&#8221;segoe ui&#8221; _i=&#8221;0&#8243; _address=&#8221;3.0.0&#8243;]<\/p>\n<p style=\"text-align: center;\">Bizi sosyal medyadaki hesaplar\u0131m\u0131zdan takip edebilirsiniz.<\/p>\n<p>[\/et_pb_text][et_pb_social_media_follow url_new_window=&#8221;off&#8221; admin_label=&#8221;Social Media Follow&#8221; module_id=&#8221;toptext&#8221; _builder_version=&#8221;3.0.105&#8243; border_radii=&#8221;on|100%|100%|100%|100%&#8221; text_orientation=&#8221;center&#8221; background_layout=&#8221;dark&#8221; custom_margin=&#8221;|30px||&#8221; custom_css_main_element=&#8221;margin: 1% auto;&#8221; link_shape=&#8221;circle&#8221; _i=&#8221;1&#8243; _address=&#8221;3.0.1&#8243;][et_pb_social_media_follow_network social_network=&#8221;facebook&#8221; url=&#8221;https:\/\/www.facebook.com\/CIDAWAH\/&#8221; _builder_version=&#8221;3.0.83&#8243; background_color=&#8221;#3b5998&#8243; link_shape=&#8221;circle&#8221; follow_button=&#8221;off&#8221; url_new_window=&#8221;off&#8221; _i=&#8221;0&#8243; _address=&#8221;3.0.1.0&#8243;] facebook [\/et_pb_social_media_follow_network][et_pb_social_media_follow_network social_network=&#8221;twitter&#8221; url=&#8221;https:\/\/twitter.com\/cidawah&#8221; _builder_version=&#8221;3.0.83&#8243; background_color=&#8221;#00aced&#8221; link_shape=&#8221;circle&#8221; follow_button=&#8221;off&#8221; url_new_window=&#8221;off&#8221; _i=&#8221;1&#8243; _address=&#8221;3.0.1.1&#8243;] Twitter [\/et_pb_social_media_follow_network][et_pb_social_media_follow_network social_network=&#8221;instagram&#8221; url=&#8221;https:\/\/www.instagram.com\/cidawah\/&#8221; _builder_version=&#8221;3.0.83&#8243; background_color=&#8221;#517fa4&#8243; link_shape=&#8221;circle&#8221; follow_button=&#8221;off&#8221; url_new_window=&#8221;off&#8221; _i=&#8221;2&#8243; _address=&#8221;3.0.1.2&#8243;] Instagram [\/et_pb_social_media_follow_network][et_pb_social_media_follow_network _builder_version=&#8221;3.0.83&#8243; link_shape=&#8221;circle&#8221; follow_button=&#8221;off&#8221; url_new_window=&#8221;off&#8221; _i=&#8221;3&#8243; _address=&#8221;3.0.1.3&#8243;][\/et_pb_social_media_follow_network][\/et_pb_social_media_follow][\/et_pb_column][et_pb_column type=&#8221;2_3&#8243; specialty_columns=&#8221;2&#8243; _builder_version=&#8221;3.25&#8243; custom_padding=&#8221;|||&#8221; _i=&#8221;1&#8243; _address=&#8221;3.1&#8243; custom_padding__hover=&#8221;|||&#8221;][et_pb_row_inner column_padding_mobile=&#8221;on&#8221; _builder_version=&#8221;3.25&#8243; custom_padding=&#8221;56px|0px|29.6719px|0px&#8221; _i=&#8221;0&#8243; _address=&#8221;3.1.0&#8243;][et_pb_column_inner saved_specialty_column_type=&#8221;2_3&#8243; _builder_version=&#8221;3.25&#8243; custom_padding=&#8221;|||&#8221; _i=&#8221;0&#8243; _address=&#8221;3.1.0.0&#8243; custom_padding__hover=&#8221;|||&#8221;][et_pb_blurb title=&#8221;E-Postam\u0131z&#8221; url=&#8221;mailto:covenantdawah@gmail.com&#8221; use_icon=&#8221;on&#8221; font_icon=&#8221;%%153%%&#8221; icon_placement=&#8221;right&#8221; content_max_width=&#8221;720px&#8221; use_icon_font_size=&#8221;on&#8221; icon_font_size=&#8221;40px&#8221; admin_label=&#8221;Blurb&#8221; _builder_version=&#8221;3.27.3&#8243; header_font=&#8221;|700|||||||&#8221; header_text_align=&#8221;left&#8221; header_text_color=&#8221;#c0343d&#8221; header_font_size=&#8221;18px&#8221; body_font=&#8221;Open Sans|600|||||||&#8221; body_text_align=&#8221;right&#8221; body_text_color=&#8221;#ffffff&#8221; body_font_size=&#8221;16&#8243; body_line_height=&#8221;1.5em&#8221; background_size=&#8221;initial&#8221; background_position=&#8221;top_left&#8221; background_repeat=&#8221;repeat&#8221; text_orientation=&#8221;right&#8221; background_layout=&#8221;dark&#8221; custom_margin=&#8221;|||&#8221; custom_padding=&#8221;|||&#8221; inline_fonts=&#8221;Arimo&#8221; _i=&#8221;0&#8243; _address=&#8221;3.1.0.0.0&#8243;]<\/p>\n<p><span style=\"color: #c0343d;\"><a style=\"color: #c0343d;\" href=\"mailto:covenantdawah@gmail.com\">covenantdawah@gmail.com<\/a><\/span><\/p>\n<p>[\/et_pb_blurb][\/et_pb_column_inner][\/et_pb_row_inner][\/et_pb_column][\/et_pb_section]<\/p>\n","protected":false},"excerpt":{"rendered":"<p>\u0130leti\u015fim: Bizi sosyal medyadaki hesaplar\u0131m\u0131zdan takip edebilirsiniz.covenantdawah@gmail.com<\/p>\n","protected":false},"author":2,"featured_media":0,"parent":0,"menu_order":0,"comment_status":"closed","ping_status":"closed","template":"","meta":{"_et_pb_use_builder":"on","_et_pb_old_content":"","_et_gb_content_width":"","footnotes":""},"class_list":["post-209554","page","type-page","status-publish","hentry"],"jetpack_sharing_enabled":true,"_links":{"self":[{"href":"https:\/\/cidawah.org\/tr\/wp-json\/wp\/v2\/pages\/209554","targetHints":{"allow":["GET"]}}],"collection":[{"href":"https:\/\/cidawah.org\/tr\/wp-json\/wp\/v2\/pages"}],"about":[{"href":"https:\/\/cidawah.org\/tr\/wp-json\/wp\/v2\/types\/page"}],"author":[{"embeddable":true,"href":"https:\/\/cidawah.org\/tr\/wp-json\/wp\/v2\/users\/2"}],"replies":[{"embeddable":true,"href":"https:\/\/cidawah.org\/tr\/wp-json\/wp\/v2\/comments?post=209554"}],"version-history":[{"count":2,"href":"https:\/\/cidawah.org\/tr\/wp-json\/wp\/v2\/pages\/209554\/revisions"}],"predecessor-version":[{"id":209557,"href":"https:\/\/cidawah.org\/tr\/wp-json\/wp\/v2\/pages\/209554\/revisions\/209557"}],"wp:attachment":[{"href":"https:\/\/cidawah.org\/tr\/wp-json\/wp\/v2\/media?parent=209554"}],"curies":[{"name":"wp","href":"https:\/\/api.w.org\/{rel}","templated":true}]}}