{"id":209574,"date":"2019-09-06T17:12:43","date_gmt":"2019-09-06T17:12:43","guid":{"rendered":"http:\/\/cidawah.org\/tr\/?page_id=209574"},"modified":"2020-11-07T03:35:34","modified_gmt":"2020-11-07T00:35:34","slug":"sozlesme","status":"publish","type":"page","link":"https:\/\/cidawah.org\/tr\/sozlesme\/","title":{"rendered":"S\u00f6zle\u015fmeyi okuyunuz"},"content":{"rendered":"<p>[et_pb_section fb_built=&#8221;1&#8243; admin_label=&#8221;section&#8221; _builder_version=&#8221;3.22&#8243; background_image=&#8221;http:\/\/cidawah.org\/tr\/wp-content\/uploads\/2019\/08\/Rectangle-Bar-Zoomed-in-transparent-2.png&#8221; background_size=&#8221;initial&#8221; bottom_divider_style=&#8221;curve2&#8243; bottom_divider_color=&#8221;rgba(246,225,133,0.17)&#8221; bottom_divider_height=&#8221;32px&#8221;][et_pb_row _builder_version=&#8221;3.25&#8243; width=&#8221;79.4%&#8221; custom_padding=&#8221;42.3px|0px|0px|0px||&#8221;][et_pb_column type=&#8221;4_4&#8243; _builder_version=&#8221;3.25&#8243; custom_padding=&#8221;|||&#8221; custom_padding__hover=&#8221;|||&#8221;][et_pb_text _builder_version=&#8221;3.27.4&#8243; text_font=&#8221;Arial|600|||||||&#8221; min_height=&#8221;45px&#8221; custom_margin=&#8221;||16px|||&#8221; custom_padding=&#8221;||22px|||&#8221; text_text_shadow_style=&#8221;preset3&#8243; inline_fonts=&#8221;Aref Ruqaa&#8221;]<\/p>\n<p style=\"direction: rtl; text-align: center;\"><span style=\"font-size: large;\"><strong><span color=\"#919191\" face=\"adobe arabic\" size=\"4\" style=\"color: #919191; font-family: 'Aref Ruqaa';\">&#8230;S\u00f6zle\u015fmenin y\u00fcklenmesi vaktinizden\u00a0 birka\u00e7 saniye alabilir&#8230; <br \/>Bekledi\u011finiz i\u00e7in te\u015fekk\u00fcr ederiz\u00a0<\/span><\/strong><\/span><\/p>\n<p>[\/et_pb_text][et_pb_image src=&#8221;http:\/\/cidawah.org\/tr\/wp-content\/uploads\/2019\/09\/Basmalah.png&#8221; align_tablet=&#8221;center&#8221; align_phone=&#8221;&#8221; align_last_edited=&#8221;on|desktop&#8221; _builder_version=&#8221;3.23&#8243; max_width=&#8221;25%&#8221; max_width_tablet=&#8221;41%&#8221; max_width_phone=&#8221;56%&#8221; max_width_last_edited=&#8221;on|desktop&#8221; module_alignment=&#8221;center&#8221;][\/et_pb_image][et_pb_code _builder_version=&#8221;4.0.6&#8243; hover_enabled=&#8221;0&#8243;]<iframe frameborder=\"0\" scrolling=\"no\" style=\"border:0px\" src=\"https:\/\/books.google.ca\/books?id=FHOqDwAAQBAJ&#038;lpg=PP1&#038;pg=PP1&#038;output=embed\" width=1000 height=870><\/iframe>[\/et_pb_code][et_pb_code _builder_version=&#8221;3.27.3&#8243;][\/et_pb_code][et_pb_button button_url=&#8221;https:\/\/cidawah.org\/download\/209505\/&#8221; button_text=&#8221; Evrensel ve A\u00e7\u0131k \u0130slam Daveti\u2019nin Temel Esaslar\u0131 S\u00f6zle\u015fmesi\u2019ni \u0130ndirebilirsiniz&#8221; button_alignment=&#8221;center&#8221; _builder_version=&#8221;3.27.3&#8243; custom_button=&#8221;on&#8221; button_font=&#8221;Arial|700|||||||&#8221; button_use_icon=&#8221;off&#8221; custom_margin_tablet=&#8221;&#8221; custom_margin_phone=&#8221;&#8221; custom_margin_last_edited=&#8221;on|phone&#8221; button_text_size_tablet=&#8221;&#8221; button_text_size_phone=&#8221;15px&#8221; button_text_size_last_edited=&#8221;on|phone&#8221; button_text_size__hover_enabled=&#8221;off&#8221; button_one_text_size__hover_enabled=&#8221;off&#8221; button_two_text_size__hover_enabled=&#8221;off&#8221; button_text_color__hover_enabled=&#8221;off&#8221; button_one_text_color__hover_enabled=&#8221;off&#8221; button_two_text_color__hover_enabled=&#8221;off&#8221; button_border_width__hover_enabled=&#8221;off&#8221; button_one_border_width__hover_enabled=&#8221;off&#8221; button_two_border_width__hover_enabled=&#8221;off&#8221; button_border_color__hover_enabled=&#8221;off&#8221; button_one_border_color__hover_enabled=&#8221;off&#8221; button_two_border_color__hover_enabled=&#8221;off&#8221; button_border_radius__hover_enabled=&#8221;off&#8221; button_one_border_radius__hover_enabled=&#8221;off&#8221; button_two_border_radius__hover_enabled=&#8221;off&#8221; button_letter_spacing__hover_enabled=&#8221;off&#8221; button_one_letter_spacing__hover_enabled=&#8221;off&#8221; button_two_letter_spacing__hover_enabled=&#8221;off&#8221; button_bg_color__hover_enabled=&#8221;off&#8221; button_one_bg_color__hover_enabled=&#8221;off&#8221; button_two_bg_color__hover_enabled=&#8221;off&#8221;][\/et_pb_button][et_pb_code raw_content_tablet=&#8221;<a href='https:\/\/play.google.com\/store\/books\/details?id=FHOqDwAAQBAJ&#038;pcampaignid=MKT-Other-global-all-co-prtnr-py-PartBadge-Mar2515-1'><img data-recalc-dims=\"1\" alt='Google Play'den al\u0131n' src=\"https:\/\/i0.wp.com\/play.google.com\/intl\/en_us\/badges\/images\/generic\/tr_badge_web_generic.png?w=1080&#038;ssl=1\"\/><\/a>&#8221; raw_content_phone=&#8221;<a href='https:\/\/play.google.com\/store\/books\/details?id=FHOqDwAAQBAJ&#038;pcampaignid=MKT-Other-global-all-co-prtnr-py-PartBadge-Mar2515-1'><img data-recalc-dims=\"1\" alt='Google Play'den al\u0131n' src=\"https:\/\/i0.wp.com\/play.google.com\/intl\/en_us\/badges\/images\/generic\/tr_badge_web_generic.png?w=1080&#038;ssl=1\"\/><\/a>&#8221; raw_content_last_edited=&#8221;off|desktop&#8221; _builder_version=&#8221;4.0.6&#8243; text_orientation=&#8221;center&#8221; width=&#8221;25%&#8221; width_tablet=&#8221;35%&#8221; width_phone=&#8221;56%&#8221; width_last_edited=&#8221;on|phone&#8221; module_alignment=&#8221;center&#8221; min_height=&#8221;107px&#8221; hover_enabled=&#8221;0&#8243; raw_content__hover_enabled=&#8221;off|desktop&#8221;]<a href='https:\/\/play.google.com\/store\/books\/details?id=FHOqDwAAQBAJ&#038;pcampaignid=pcampaignidMKT-Other-global-all-co-prtnr-py-PartBadge-Mar2515-1'><img data-recalc-dims=\"1\" alt='Google Play'den al\u0131n' src=\"https:\/\/i0.wp.com\/play.google.com\/intl\/en_us\/badges\/static\/images\/badges\/tr_badge_web_generic.png?w=1080&#038;ssl=1\"\/><\/a>[\/et_pb_code][et_pb_image src=&#8221;http:\/\/cidawah.org\/tr\/wp-content\/uploads\/2019\/09\/Hamd.png&#8221; align_tablet=&#8221;center&#8221; align_phone=&#8221;&#8221; align_last_edited=&#8221;on|desktop&#8221; _builder_version=&#8221;3.23&#8243; max_width=&#8221;25%&#8221; max_width_tablet=&#8221;41%&#8221; max_width_phone=&#8221;56%&#8221; max_width_last_edited=&#8221;on|phone&#8221; module_alignment=&#8221;center&#8221;][\/et_pb_image][et_pb_code _builder_version=&#8221;3.27.3&#8243;][\/et_pb_code][\/et_pb_column][\/et_pb_row][\/et_pb_section][et_pb_section fb_built=&#8221;1&#8243; specialty=&#8221;on&#8221; parallax_method_1=&#8221;off&#8221; parallax_method_2=&#8221;off&#8221; admin_label=&#8221;Section&#8221; _builder_version=&#8221;3.22&#8243; use_background_color_gradient=&#8221;on&#8221; background_color_gradient_start=&#8221;rgba(246,225,133,0.22)&#8221; background_color_gradient_end=&#8221;#f6e185&#8243; background_image=&#8221;http:\/\/cidawah.org\/tr\/wp-content\/uploads\/2019\/08\/Rectangle-Bar-Zoomed-in-transparent-2.png&#8221; background_size=&#8221;initial&#8221; background_position=&#8221;bottom_left&#8221; custom_padding=&#8221;15px|0px|0px|0px||&#8221; top_divider_color=&#8221;#cdc4bb&#8221; top_divider_height=&#8221;23px&#8221; transparent_background=&#8221;off&#8221;][et_pb_column type=&#8221;1_3&#8243; _builder_version=&#8221;3.25&#8243; custom_padding=&#8221;|||&#8221; custom_padding__hover=&#8221;|||&#8221;][et_pb_text admin_label=&#8221;Follow Text&#8221; _builder_version=&#8221;3.27.4&#8243; text_font=&#8221;segoe ui||||||||&#8221; text_text_color=&#8221;#c0343d&#8221; text_font_size=&#8221;19px&#8221; header_font=&#8221;||||||||&#8221; header_text_align=&#8221;right&#8221; header_text_color=&#8221;#c0343d&#8221; background_color=&#8221;rgba(191,191,191,0)&#8221; background_size=&#8221;initial&#8221; background_position=&#8221;top_left&#8221; background_repeat=&#8221;repeat&#8221; text_orientation=&#8221;right&#8221; background_layout=&#8221;dark&#8221; module_alignment=&#8221;left&#8221; inline_fonts=&#8221;segoe ui&#8221;]<\/p>\n<p style=\"text-align: left;\">Bizi sosyal medyadaki hesaplar\u0131m\u0131zdan takip edebilirsiniz.<\/p>\n<p>[\/et_pb_text][et_pb_social_media_follow url_new_window=&#8221;off&#8221; admin_label=&#8221;Social Media Follow&#8221; module_id=&#8221;toptext&#8221; _builder_version=&#8221;3.0.105&#8243; text_orientation=&#8221;center&#8221; background_layout=&#8221;dark&#8221; custom_margin=&#8221;|30px||&#8221; custom_css_main_element=&#8221;margin: 1% auto;&#8221; border_radii=&#8221;on|100%|100%|100%|100%&#8221; link_shape=&#8221;circle&#8221;][et_pb_social_media_follow_network social_network=&#8221;facebook&#8221; url=&#8221;https:\/\/www.facebook.com\/CIDAWAH\/&#8221; _builder_version=&#8221;3.0.83&#8243; background_color=&#8221;#3b5998&#8243; link_shape=&#8221;circle&#8221; follow_button=&#8221;off&#8221; url_new_window=&#8221;off&#8221;] facebook [\/et_pb_social_media_follow_network][et_pb_social_media_follow_network social_network=&#8221;twitter&#8221; url=&#8221;https:\/\/twitter.com\/cidawah&#8221; _builder_version=&#8221;3.0.83&#8243; background_color=&#8221;#00aced&#8221; link_shape=&#8221;circle&#8221; follow_button=&#8221;off&#8221; url_new_window=&#8221;off&#8221;] Twitter [\/et_pb_social_media_follow_network][et_pb_social_media_follow_network social_network=&#8221;instagram&#8221; url=&#8221;https:\/\/www.instagram.com\/cidawah\/&#8221; _builder_version=&#8221;3.0.83&#8243; background_color=&#8221;#517fa4&#8243; link_shape=&#8221;circle&#8221; follow_button=&#8221;off&#8221; url_new_window=&#8221;off&#8221;] Instagram [\/et_pb_social_media_follow_network][et_pb_social_media_follow_network _builder_version=&#8221;3.0.83&#8243; link_shape=&#8221;circle&#8221; follow_button=&#8221;off&#8221; url_new_window=&#8221;off&#8221;][\/et_pb_social_media_follow_network][\/et_pb_social_media_follow][\/et_pb_column][et_pb_column type=&#8221;2_3&#8243; specialty_columns=&#8221;2&#8243; _builder_version=&#8221;3.25&#8243; custom_padding=&#8221;|||&#8221; custom_padding__hover=&#8221;|||&#8221;][et_pb_row_inner column_padding_mobile=&#8221;on&#8221; _builder_version=&#8221;3.25&#8243; custom_padding=&#8221;56px|0px|29.6719px|0px&#8221;][et_pb_column_inner saved_specialty_column_type=&#8221;2_3&#8243; _builder_version=&#8221;3.25&#8243; custom_padding=&#8221;|||&#8221; custom_padding__hover=&#8221;|||&#8221;][et_pb_blurb title=&#8221;E-postam\u0131z&#8221; url=&#8221;mailto:covenantdawah@gmail.com&#8221; use_icon=&#8221;on&#8221; font_icon=&#8221;%%153%%&#8221; icon_placement=&#8221;right&#8221; content_max_width=&#8221;720px&#8221; use_icon_font_size=&#8221;on&#8221; icon_font_size=&#8221;40px&#8221; admin_label=&#8221;Blurb&#8221; _builder_version=&#8221;3.27.3&#8243; header_font=&#8221;|700|||||||&#8221; header_text_align=&#8221;left&#8221; header_text_color=&#8221;#c0343d&#8221; header_font_size=&#8221;18px&#8221; body_font=&#8221;Open Sans||||&#8221; body_text_align=&#8221;right&#8221; body_text_color=&#8221;#ffffff&#8221; body_font_size=&#8221;16&#8243; body_line_height=&#8221;1.5em&#8221; background_size=&#8221;initial&#8221; background_position=&#8221;top_left&#8221; background_repeat=&#8221;repeat&#8221; text_orientation=&#8221;right&#8221; background_layout=&#8221;dark&#8221; custom_margin=&#8221;|||&#8221; custom_padding=&#8221;|||&#8221; inline_fonts=&#8221;Arimo&#8221;]<\/p>\n<p><span style=\"color: #c0343d;\"><a style=\"color: #c0343d;\" href=\"mailto:covenantdawah@gmail.com\">covenantdawah@gmail.com<\/a><\/span><\/p>\n<p>[\/et_pb_blurb][\/et_pb_column_inner][\/et_pb_row_inner][\/et_pb_column][\/et_pb_section]<\/p>\n","protected":false},"excerpt":{"rendered":"<p>&#8230;S\u00f6zle\u015fmenin y\u00fcklenmesi vaktinizden\u00a0 birka\u00e7 saniye alabilir&#8230; Bekledi\u011finiz i\u00e7in te\u015fekk\u00fcr ederiz\u00a0<\/p>\n","protected":false},"author":2,"featured_media":0,"parent":0,"menu_order":0,"comment_status":"closed","ping_status":"closed","template":"","meta":{"_et_pb_use_builder":"on","_et_pb_old_content":"","_et_gb_content_width":"","footnotes":""},"class_list":["post-209574","page","type-page","status-publish","hentry"],"jetpack_sharing_enabled":true,"_links":{"self":[{"href":"https:\/\/cidawah.org\/tr\/wp-json\/wp\/v2\/pages\/209574","targetHints":{"allow":["GET"]}}],"collection":[{"href":"https:\/\/cidawah.org\/tr\/wp-json\/wp\/v2\/pages"}],"about":[{"href":"https:\/\/cidawah.org\/tr\/wp-json\/wp\/v2\/types\/page"}],"author":[{"embeddable":true,"href":"https:\/\/cidawah.org\/tr\/wp-json\/wp\/v2\/users\/2"}],"replies":[{"embeddable":true,"href":"https:\/\/cidawah.org\/tr\/wp-json\/wp\/v2\/comments?post=209574"}],"version-history":[{"count":4,"href":"https:\/\/cidawah.org\/tr\/wp-json\/wp\/v2\/pages\/209574\/revisions"}],"predecessor-version":[{"id":209667,"href":"https:\/\/cidawah.org\/tr\/wp-json\/wp\/v2\/pages\/209574\/revisions\/209667"}],"wp:attachment":[{"href":"https:\/\/cidawah.org\/tr\/wp-json\/wp\/v2\/media?parent=209574"}],"curies":[{"name":"wp","href":"https:\/\/api.w.org\/{rel}","templated":true}]}}